{"id":244,"date":"2020-01-01T17:42:53","date_gmt":"2020-01-01T17:42:53","guid":{"rendered":"http:\/\/atelier-lindner.de\/?page_id=244"},"modified":"2020-01-01T18:13:54","modified_gmt":"2020-01-01T18:13:54","slug":"referenzen","status":"publish","type":"page","link":"https:\/\/atelier-lindner.de\/?page_id=244","title":{"rendered":"Referenzen"},"content":{"rendered":"\n<figure class=\"wp-block-image size-large\"><img decoding=\"async\" loading=\"lazy\" width=\"860\" height=\"626\" src=\"https:\/\/atelier-lindner.de\/wp-content\/uploads\/2020\/01\/im-Atelier.jpg\" alt=\"\" class=\"wp-image-245\" srcset=\"https:\/\/atelier-lindner.de\/wp-content\/uploads\/2020\/01\/im-Atelier.jpg 860w, https:\/\/atelier-lindner.de\/wp-content\/uploads\/2020\/01\/im-Atelier-300x218.jpg 300w, https:\/\/atelier-lindner.de\/wp-content\/uploads\/2020\/01\/im-Atelier-768x559.jpg 768w, https:\/\/atelier-lindner.de\/wp-content\/uploads\/2020\/01\/im-Atelier-850x619.jpg 850w\" sizes=\"(max-width: 860px) 100vw, 860px\" \/><\/figure>\n\n\n\n<p><\/p>\n\n\n\n<p><\/p>\n\n\n\n<p class=\"has-medium-font-size\"><strong>Lebenmittelverpackungen:<\/strong><\/p>\n\n\n\n<p>Eckes &#8222;Dr. Koch Vital&#8220;<\/p>\n\n\n\n<p>Hipp &#8222;Babynahrung&#8220;, &#8222;Bio-Konfit\u00fcre\nExtra&#8220; <\/p>\n\n\n\n<p>Ehrmann &#8222;Fr\u00fcchtetraum&#8220;, &#8222;AlmiDrink&#8220; <\/p>\n\n\n\n<p>Wagner &#8222;Pizza Americana&#8220; <\/p>\n\n\n\n<p>M\u00f6venpick &#8222;Sonntagsfr\u00fchst\u00fcck&#8220;<\/p>\n\n\n\n<p>Tegut, Handelsmarke, diverse Verpackungen<\/p>\n\n\n\n<p>Reinert &#8222;Wurstverpackungen&#8220;<\/p>\n\n\n\n<p>H\u00f6hl &#8222;Fruchts\u00e4fte&#8220;<\/p>\n\n\n\n<p>R\u00f6hnsprudel &#8222;Fiesta Fruchts\u00e4fte&#8220;<\/p>\n\n\n\n<p>Lidl, Tee<\/p>\n\n\n\n<p>Aldi, Milchmixgetr\u00e4nke, rio d&#8217;oro Apfelsaft<\/p>\n\n\n\n<p>Coop &#8222;Unser Norden&#8220;<\/p>\n\n\n\n<p>Gustoni, diverse Verpackungen<\/p>\n\n\n\n<p>Confiserie Heilemann, Schokoladentafeln<\/p>\n\n\n\n<p>Kalfany, Bonbonverpackungen<\/p>\n\n\n\n<p>Molkerei Schrozberg<\/p>\n\n\n\n<p>Tartex, vegetarische Brotaufstriche<\/p>\n\n\n\n<p>Em-eukal Hustenbonbons<\/p>\n\n\n\n<p>Nordzucker<\/p>\n\n\n\n<p>Norma Schokosana Schokodrunk<\/p>\n\n\n\n<p>Alpenmark<\/p>\n\n\n\n<p>Steck Feinkost \u201eSenf und Essig\u201c<\/p>\n\n\n\n<p>Rapelli Feinkost Wurstwaren<\/p>\n\n\n\n<p>Rabenhorst<\/p>\n\n\n\n<p>Develey Senf<\/p>\n\n\n\n<p>Bauer Fruchts\u00e4fte<\/p>\n\n\n\n<p>Paulaner Bier<\/p>\n\n\n\n<p><\/p>\n\n\n\n<p><\/p>\n\n\n\n<hr class=\"wp-block-separator\"\/>\n\n\n<h4>&nbsp;<\/h4>\n<h4 class=\"has-medium-font-size\"><strong>Verpackungen f\u00fcr pharmazeutische und kosmetische Produkte:<\/strong><\/h4>\n<p><!-- \/wp:paragraph --> <!-- wp:paragraph --><\/p>\n<p>Stada &#8222;Apotheker\u00b4s Echte&#8220;, Hustenbonbons<\/p>\n<p><!-- \/wp:paragraph --> <!-- wp:paragraph --><\/p>\n<p>GlaxoSmithKline &#8222;Abtei&#8220;, Arzneimittelserie<\/p>\n<p><!-- \/wp:paragraph --> <!-- wp:paragraph --><\/p>\n<p>Dr. Apotheker Scheller &#8222;Apotheker Scheller&#8220;, Kosmetikserie<\/p>\n<p><!-- \/wp:paragraph --> <!-- wp:paragraph --><\/p>\n<p>Florena &#8222;Florena Duschbadserie&#8220;<\/p>\n<p><!-- \/wp:paragraph --> <!-- wp:paragraph --><\/p>\n<p>dm &#8222;alverde&#8220;, Kosmetikserie<\/p>\n<p><!-- \/wp:paragraph --> <!-- wp:paragraph --><\/p>\n<p>Brazil Kosmetikserie<\/p>\n<p><!-- \/wp:paragraph --> <!-- wp:paragraph --><\/p>\n<p>Stadta \u201eGrippostad\u201c<\/p>\n<p><!-- \/wp:paragraph --> <!-- wp:paragraph --><\/p>\n<p>Umckaloabo<!--EndFragment--><\/p>\n<p>&nbsp;<\/p>\n<p><!-- wp:separator --><\/p>\n<hr class=\"wp-block-separator\"><!-- \/wp:separator --><p><\/p>\n<p><!-- wp:paragraph {\"fontSize\":\"medium\"} --><\/p>\n<p>&nbsp;<\/p>\n<p class=\"has-medium-font-size\"><strong>Diverse:<\/strong><\/p>\n<p><!-- \/wp:paragraph --><\/p>\n<p><!-- wp:paragraph --><\/p>\n<p>Ciba Vision, Novartis<\/p>\n<p>Dehner Gartencenter:<\/p>\n<ul>\n<li>Tierfutter,<\/li>\n<li>Pflanzenetiketten<\/li>\n<\/ul>\n<p><!-- \/wp:paragraph --><\/p>\n<p><!-- wp:paragraph --><\/p>\n<p>degro Vogelfutter<\/p>\n<p><!-- \/wp:paragraph --><\/p>\n<p><!-- wp:paragraph --><\/p>\n<p>Obi Gartenillustrationen<\/p>\n<p>&nbsp;<\/p>\n<p><!-- \/wp:paragraph --><\/p>\n<p><!-- wp:paragraph --><\/p>\n<p><!-- \/wp:paragraph --><\/p>\n<p><!-- wp:paragraph --><\/p>\n<p><!-- \/wp:paragraph --><\/p>\n<p><!-- wp:separator --><\/p>\n<hr class=\"wp-block-separator\"><!-- \/wp:separator --><p><\/p>\n<p><!-- wp:paragraph {\"fontSize\":\"medium\"} --><\/p>\n<p>&nbsp;<\/p>\n<p class=\"has-medium-font-size\"><strong>Tierb\u00fccher:<\/strong><\/p>\n<p><!-- \/wp:paragraph --><\/p>\n<p><!-- wp:paragraph --><\/p>\n<p>&#8222;Hamster&#8220;, Naturbuch Verlag, 1998<\/p>\n<p><!-- \/wp:paragraph --><\/p>\n<p><!-- wp:paragraph --><\/p>\n<p>&#8222;Meerschweinchen&#8220;, Naturbuch Verlag, 1998<\/p>\n<p><!-- \/wp:paragraph --><\/p>\n<p><!-- wp:paragraph --><\/p>\n<p>&#8222;Zwergkaninchen&#8220;, Naturbuch Verlag,1998<\/p>\n<p><!-- \/wp:paragraph --><\/p>\n<p><!-- wp:paragraph --><\/p>\n<p>&#8222;Wellensittiche&#8220;, Naturbuch Verlag, 1998<\/p>\n<p><!-- \/wp:paragraph --><\/p>\n<p><!-- wp:paragraph --><\/p>\n<p>&#8222;Kanarienv\u00f6gel&#8220;, Naturbuch Verlag, 1998<\/p>\n<p><!-- \/wp:paragraph --><\/p>\n<p><!-- wp:paragraph --><\/p>\n<p>&#8222;Nymphensittiche&#8220;, Naturbuch Verlag, 1998<\/p>\n<p><!-- \/wp:paragraph --><\/p>\n<p><!-- wp:paragraph --><\/p>\n<p>&#8222;Zebrafinken&#8220;, Naturbuch Verlag, 1998<\/p>\n<p><!-- \/wp:paragraph --><\/p>\n<p><!-- wp:paragraph --><\/p>\n<p>&#8222;Landschildkr\u00f6ten&#8220;, Naturbuch Verlag, 1998<\/p>\n<p><!-- \/wp:paragraph --><\/p>\n<p><!-- wp:paragraph --><\/p>\n<p>&#8222;Aquarium f\u00fcr Einsteiger&#8220;, Naturbuch Verlag, 1998<\/p>\n<p><!-- \/wp:paragraph --><\/p>\n<p><!-- wp:paragraph --><\/p>\n<p>&#8222;Agaporniden&#8220;, Augustus Verlag, 1999<\/p>\n<p><!-- \/wp:paragraph --><\/p>\n<p><!-- wp:paragraph --><\/p>\n<p>&#8222;Ratten&#8220;, Augustus Verlag, 1999<\/p>\n<p><!-- \/wp:paragraph --><\/p>\n<p><!-- wp:paragraph --><\/p>\n<p>&#8222;Sumpfschildkr\u00f6ten&#8220;, Augustus Verlag, 1999<\/p>\n<p><!-- \/wp:paragraph --><\/p>\n<p><!-- wp:paragraph --><\/p>\n<p>&#8222;Terrarium&#8220;, Augustus Verlag, 1999<\/p>\n<p><!-- \/wp:paragraph --><\/p>\n<p><!-- wp:paragraph --><\/p>\n<p>&#8222;Terrarium&#8220;, Falken Verlag, 1997<\/p>\n<p><!-- \/wp:paragraph --><\/p>\n<p><!-- wp:paragraph --><\/p>\n<p>&#8222;Aquarium f\u00fcr Kinder&#8220;, Falken Verlag, 1998<\/p>\n<p><!-- \/wp:paragraph --><\/p>\n<p><!-- wp:paragraph --><\/p>\n<p>&#8222;Sumpfschildkr\u00f6ten&#8220;, Falken Verlag, 1998<\/p>\n<p><!-- \/wp:paragraph --><\/p>\n<p><!-- wp:paragraph --><\/p>\n<p>&#8222;Landschildkr\u00f6ten&#8220;, Falken Verlag, 1999<\/p>\n<p><!-- \/wp:paragraph --><\/p>\n<p><!-- wp:paragraph --><\/p>\n<p>&#8222;Terrarium f\u00fcr Einsteiger&#8220;, Falken Verlag, 2000<\/p>\n<p><!-- \/wp:paragraph --><\/p>\n<p><!-- wp:paragraph --><\/p>\n<p>&#8222;Nymphensittiche&#8220;, Falken Verlag, 2000<\/p>\n<p><!-- \/wp:paragraph --><\/p>\n<p><!-- wp:paragraph --><\/p>\n<p>&#8222;Aquarium f\u00fcr Einsteiger&#8220;, Falken Verlag, 2000<\/p>\n<p><!-- \/wp:paragraph --><\/p>\n<p><!-- wp:paragraph --><\/p>\n<p>&#8222;Wellensittiche&#8220;, Falken Verlag, 2000<\/p>\n<p><!-- \/wp:paragraph --><\/p>\n<p><!-- wp:paragraph --><\/p>\n<p>&#8222;Naturnahe Gesellschaftsaquarien&#8220;, Augustus<br>Verlag,<\/p>\n<p><!-- \/wp:paragraph --><\/p>\n<p><!-- wp:paragraph --><\/p>\n<p>&#8222;Pudel&#8220;, Augustus Verlag, 2000<\/p>\n<p><!-- \/wp:paragraph --><\/p>\n<p><!-- wp:paragraph --><\/p>\n<p>&#8222;Labrador Retriever&#8220;, Augustus Verlag, 2000<\/p>\n<p><!-- \/wp:paragraph --><\/p>\n<p><!-- wp:paragraph --><\/p>\n<p>&#8222;Dackel&#8220;, Augustus Verlag, 2000<\/p>\n<p><!-- \/wp:paragraph --><\/p>\n<p><!-- wp:paragraph --><\/p>\n<p>&#8222;Sch\u00e4ferhund&#8220;, Augustus Verlag, 2000<\/p>\n<p><!-- \/wp:paragraph --><\/p>\n<p><!-- wp:paragraph --><\/p>\n<p>&#8222;Wohnungskatze&#8220;, Augustus Verlag, 2000<\/p>\n<p><!-- \/wp:paragraph --><\/p>\n<p><!-- wp:paragraph --><\/p>\n<p>&#8222;So bleibt Ihre Katze gesund&#8220;, Augustus Verlag,<br>2000<\/p>\n<p><!-- \/wp:paragraph --><\/p>\n<p><!-- wp:paragraph --><\/p>\n<p>&#8222;Secondhandhund&#8220;, Augustus Verlag, 2000<\/p>\n<p><!-- \/wp:paragraph --><\/p>\n<p><!-- wp:paragraph --><\/p>\n<p>&#8222;Hund gesucht&#8220;, Augustus Verlag, 2000<\/p>\n<p><!-- \/wp:paragraph --><\/p>\n<p><!-- wp:paragraph --><\/p>\n<p>&#8222;Sport und Spiel f\u00fcr Mensch und Hund&#8220;, Augustus<br>Verlag, 2000<\/p>\n<p><!-- \/wp:paragraph --><\/p>\n<p><!-- wp:paragraph --><\/p>\n<p>&#8222;Der richtige Hund f\u00fcr mein Kind&#8220;, Augustus<br>Verlag, 2000<\/p>\n<p><!-- \/wp:paragraph --><\/p>\n<p><!-- wp:paragraph --><\/p>\n<p>&#8222;Der Zweithund&#8220;, Augustus Verlag, 2000<\/p>\n<p><!-- \/wp:paragraph --><\/p>\n<p><!-- wp:paragraph --><\/p>\n<p>&#8222;Katze gesucht&#8220;, Augustus Verlag, 2000<\/p>\n<p>&nbsp;<\/p>\n<p><!-- \/wp:paragraph --><\/p>\n<p><!-- wp:separator --><\/p>\n<hr class=\"wp-block-separator\"><!-- \/wp:separator --><p><\/p>\n<p>&nbsp;<\/p>\n<p><!-- wp:paragraph {\"fontSize\":\"medium\"} --><\/p>\n<p class=\"has-medium-font-size\"><strong>Gartenb\u00fccher:<\/strong><\/p>\n<p><!-- \/wp:paragraph --><\/p>\n<p><!-- wp:paragraph --><\/p>\n<p>&#8222;Platz f\u00fcr noch mehr Bl\u00fcten schaffen&#8220;, Naturbuch<br>Verlag, 1997<\/p>\n<p><!-- \/wp:paragraph --><\/p>\n<p><!-- wp:paragraph --><\/p>\n<p>&#8222;Schattenpl\u00e4tze attraktiv gestalten&#8220;, Naturbuch<br>Verlag, 1997<\/p>\n<p><!-- \/wp:paragraph --><\/p>\n<p><!-- wp:paragraph --><\/p>\n<p>&#8222;G\u00e4rten die auch Kindern Spa\u00df machen&#8220;, Naturbuch<br>Verlag, 1997<\/p>\n<p><!-- \/wp:paragraph --><\/p>\n<p><!-- wp:paragraph --><\/p>\n<p>&#8222;Mein Garten &#8211; pflegeleicht und sch\u00f6n&#8220;, Naturbuch<br>Verlag, 1997<\/p>\n<p><!-- \/wp:paragraph --><\/p>\n<p><!-- wp:paragraph --><\/p>\n<p>&#8222;Was kleine G\u00e4rten gr\u00f6\u00dfer macht&#8220;, Naturbuch<br>Verlag, 1997<\/p>\n<p><!-- \/wp:paragraph --><\/p>\n<p><!-- wp:paragraph --><\/p>\n<p>&#8222;Wasserg\u00e4rten sch\u00f6n gestalten&#8220;, Naturbuch Verlag,<br>1998<\/p>\n<p><!-- \/wp:paragraph --><\/p>\n<p><!-- wp:paragraph --><\/p>\n<p>&#8222;Sonnenpl\u00e4tze attraktiv gestalten&#8220;, Naturbuch<br>Verlag, 1998<\/p>\n<p><!-- \/wp:paragraph --><\/p>\n<p><!-- wp:paragraph --><\/p>\n<p>&#8222;Der Garten f\u00fcr Ungeduldige&#8220;, Naturbuch Verlag,<br>1998<\/p>\n<p><!-- \/wp:paragraph --><\/p>\n<p><!-- wp:paragraph --><\/p>\n<p>&#8222;Balkon und Terrasse attraktiv gestalten&#8220;,<br>Naturbuch Verlag, 1998<\/p>\n<p><!-- \/wp:paragraph --><\/p>\n<p><!-- wp:paragraph --><\/p>\n<p>&#8222;Miniaturrosen&#8220;, Naturbuch Verlag, 1998<\/p>\n<p><!-- \/wp:paragraph --><\/p>\n<p><!-- wp:paragraph --><\/p>\n<p>&#8222;Traumhafte Roseng\u00e4rten&#8220;, Naturbuch Verlag, 1999<\/p>\n<p><!-- \/wp:paragraph --><\/p>\n<p><!-- wp:paragraph --><\/p>\n<p>&#8222;Romantische Duftg\u00e4rten&#8220;, Naturbuch Verlag, 1999<\/p>\n<p><!-- \/wp:paragraph --><\/p>\n<p><!-- wp:paragraph --><\/p>\n<p>&#8222;Attraktiver Garten rund ums Jahr&#8220;, Naturbuch<br>Verlag, 1999<\/p>\n<p><!-- \/wp:paragraph --><\/p>\n<p><!-- wp:paragraph --><\/p>\n<p>&#8222;Einladende Vorg\u00e4rten und Hauseing\u00e4nge&#8220;, Naturbuch<br>Verlag, 1999<\/p>\n<p><!-- \/wp:paragraph --><\/p>\n<p><!-- wp:paragraph --><\/p>\n<p>&#8222;Alte Rosen&#8220;, Naturbuch Verlag, 1999<\/p>\n<p><!-- \/wp:paragraph --><\/p>\n<p><!-- wp:paragraph --><\/p>\n<p>&#8222;Miniteiche&#8220;, Naturbuch Verlag, 1999<\/p>\n<p><!-- \/wp:paragraph --><\/p>\n<p><!-- wp:paragraph --><\/p>\n<p>&#8222;12 Monate im Garten&#8220;, Augustus Verlag, 1999<\/p>\n<p><!-- \/wp:paragraph --><\/p>\n<p><!-- wp:paragraph --><\/p>\n<p>&#8222;Balkonparadiese zum Genie\u00dfen&#8220;, Augustus Verlag,<br>2000<\/p>\n<p><!-- \/wp:paragraph --><\/p>\n<p><!-- wp:paragraph --><\/p>\n<p>&#8222;Winterharte Kakteen&#8220;, Augustus Verlag, 2000<\/p>\n<p><!-- \/wp:paragraph --><\/p>\n<p><!-- wp:paragraph --><\/p>\n<p>&#8222;Der winterharte Garten&#8220;, Augustus Verlag, 2000<\/p>\n<p><!-- \/wp:paragraph --><\/p>\n<p><!-- wp:paragraph --><\/p>\n<p>&#8222;Vorg\u00e4rten&#8220;, BLV, 2001<\/p>\n<p>&nbsp;<\/p>\n<p><!-- \/wp:paragraph --><\/p>\n<p><!-- wp:separator --><\/p>\n<hr class=\"wp-block-separator\"><!-- \/wp:separator --><p><\/p>\n<p>&nbsp;<\/p>\n<p><!-- wp:paragraph {\"fontSize\":\"medium\"} --><\/p>\n<p class=\"has-medium-font-size\"><strong>Kinderb\u00fccher:<\/strong><\/p>\n<p><!-- \/wp:paragraph --><\/p>\n<p><!-- wp:paragraph --><\/p>\n<p>Loewe Verlag, &#8222;Haustiere&#8220;, Malbuch<\/p>\n<p><!-- \/wp:paragraph --><\/p>\n<p><!-- wp:paragraph --><\/p>\n<p>Falken Verlag, &#8222;Aquarium f\u00fcr Kinder&#8220;, Sachbuch<\/p>\n<p><!-- \/wp:paragraph --><\/p>\n<p><!-- wp:paragraph --><\/p>\n<p>HABA, Erfinder f\u00fcr Kinder, &#8222;Naturquartett Wasser&#8220;<\/p>\n<p>&nbsp;<\/p>\n<p><!-- \/wp:paragraph --><\/p>\n<p><!-- wp:separator --><\/p>\n<hr class=\"wp-block-separator\"><!-- \/wp:separator --><p><\/p>\n<p>&nbsp;<\/p>\n<p><!-- wp:paragraph {\"fontSize\":\"medium\"} --><\/p>\n<p class=\"has-medium-font-size\">&nbsp;<strong>Illustrationen f\u00fcr Zeitschriften:<\/strong><\/p>\n<p><!-- \/wp:paragraph --><\/p>\n<p><!-- wp:paragraph --><\/p>\n<p>Gruner und Jahr Verlag, &#8222;Flora&#8220;<\/p>\n<p><!-- \/wp:paragraph --><\/p>\n<p><!-- wp:paragraph --><\/p>\n<p>Minerva Verlag &#8222;Meine kleine Gartenwelt&#8220;<\/p>\n<p><!-- \/wp:paragraph --><\/p>\n<p><!-- wp:paragraph --><\/p>\n<p>&nbsp;&#8222;Kraut und R\u00fcben&#8220;<\/p>\n<p>&nbsp;<\/p>\n<p><!-- \/wp:paragraph --><\/p>\n<p><!-- wp:separator --><\/p>\n<hr class=\"wp-block-separator\"><!-- \/wp:separator --><p><\/p>\n<p>&nbsp;<\/p>\n<p><!-- wp:paragraph {\"fontSize\":\"medium\"} --><\/p>\n<p class=\"has-medium-font-size\"><strong>Schulb\u00fccher:<\/strong><\/p>\n<p><!-- \/wp:paragraph --><\/p>\n<p><!-- wp:paragraph --><\/p>\n<p>Verlag Moritz Diesterweg<\/p>\n<p><!-- \/wp:paragraph --><\/p>\n<p><!-- wp:paragraph --><\/p>\n<p>Auer Verlag<\/p>\n<p><!-- \/wp:paragraph --><\/p>\n<p><!--EndFragment--><\/p>\n<p><!-- wp:paragraph --><\/p>\n<p><!-- \/wp:paragraph --><\/p>","protected":false},"excerpt":{"rendered":"<p>Lebenmittelverpackungen: Eckes &#8222;Dr. Koch Vital&#8220; Hipp &#8222;Babynahrung&#8220;, &#8222;Bio-Konfit\u00fcre Extra&#8220; Ehrmann &#8222;Fr\u00fcchtetraum&#8220;, &#8222;AlmiDrink&#8220; Wagner &#8222;Pizza Americana&#8220; M\u00f6venpick &#8222;Sonntagsfr\u00fchst\u00fcck&#8220; Tegut, Handelsmarke, diverse Verpackungen Reinert &#8222;Wurstverpackungen&#8220; H\u00f6hl &#8222;Fruchts\u00e4fte&#8220; R\u00f6hnsprudel &#8222;Fiesta Fruchts\u00e4fte&#8220; Lidl, Tee Aldi, Milchmixgetr\u00e4nke, rio d&#8217;oro Apfelsaft Coop &#8222;Unser Norden&#8220; Gustoni, diverse Verpackungen Confiserie Heilemann, Schokoladentafeln Kalfany, Bonbonverpackungen Molkerei Schrozberg Tartex, vegetarische Brotaufstriche Em-eukal Hustenbonbons Nordzucker Norma&#8230;<\/p>\n","protected":false},"author":1,"featured_media":0,"parent":0,"menu_order":0,"comment_status":"closed","ping_status":"closed","template":"","meta":{"ngg_post_thumbnail":0},"_links":{"self":[{"href":"https:\/\/atelier-lindner.de\/index.php?rest_route=\/wp\/v2\/pages\/244"}],"collection":[{"href":"https:\/\/atelier-lindner.de\/index.php?rest_route=\/wp\/v2\/pages"}],"about":[{"href":"https:\/\/atelier-lindner.de\/index.php?rest_route=\/wp\/v2\/types\/page"}],"author":[{"embeddable":true,"href":"https:\/\/atelier-lindner.de\/index.php?rest_route=\/wp\/v2\/users\/1"}],"replies":[{"embeddable":true,"href":"https:\/\/atelier-lindner.de\/index.php?rest_route=%2Fwp%2Fv2%2Fcomments&post=244"}],"version-history":[{"count":10,"href":"https:\/\/atelier-lindner.de\/index.php?rest_route=\/wp\/v2\/pages\/244\/revisions"}],"predecessor-version":[{"id":261,"href":"https:\/\/atelier-lindner.de\/index.php?rest_route=\/wp\/v2\/pages\/244\/revisions\/261"}],"wp:attachment":[{"href":"https:\/\/atelier-lindner.de\/index.php?rest_route=%2Fwp%2Fv2%2Fmedia&parent=244"}],"curies":[{"name":"wp","href":"https:\/\/api.w.org\/{rel}","templated":true}]}}