{"id":237,"date":"2020-01-01T17:29:06","date_gmt":"2020-01-01T17:29:06","guid":{"rendered":"http:\/\/atelier-lindner.de\/?page_id=237"},"modified":"2020-01-01T17:29:06","modified_gmt":"2020-01-01T17:29:06","slug":"impressum","status":"publish","type":"page","link":"https:\/\/atelier-lindner.de\/?page_id=237","title":{"rendered":"Impressum"},"content":{"rendered":"<p><br>\n<!--StartFragment--><\/p>\n\n\n<p>Internet: <a href=\"http:\/\/www.atelier-lindner.de\">www.atelier-lindner.de<\/a><br><\/p>\n\n\n\n<p>Verantwortlich f\u00fcr die Website: Manfred Lindner, Hunsr\u00fcckstra\u00dfe 21, 65520 Bad Camberg, 06434\/903461, <a href=\"mailto:manfred@atelier-lindner.de,\">manfred@atelier-lindner.de,<\/a> <a href=\"http:\/\/www.atelier-lindner.de\" target=\"_blank\" rel=\"noreferrer noopener\">www.atelier-lindner.de<\/a><br> <strong><br> Haftungsausschluss<\/strong><\/p>\n\n\n\n<ol><li><strong> Inhalt des Onlineangebotes <\/strong><\/li><\/ol>\n\n\n\n<p>Der\n Autor \u00fcbernimmt keinerlei Gew\u00e4hr f\u00fcr die Aktualit\u00e4t, Korrektheit, \nVollst\u00e4ndigkeit oder Qualit\u00e4t der bereitgestellten Informationen. \nHaftungsanspr\u00fcche gegen den Autor, welche sich auf Sch\u00e4den materieller \noder ideeller Art beziehen, die durch die Nutzung oder Nichtnutzung der \ndargebotenen Informationen bzw. durch die Nutzung fehlerhafter und \nunvollst\u00e4ndiger Informationen verursacht wurden, sind grunds\u00e4tzlich \nausgeschlossen, sofern seitens des Autors kein nachweislich \nvors\u00e4tzliches oder grob fahrl\u00e4ssiges Verschulden vorliegt. Alle Angebote\n sind freibleibend und unverbindlich.<\/p>\n\n\n\n<hr class=\"wp-block-separator\"\/>\n\n\n\n<p>Der  Autor beh\u00e4lt es sich ausdr\u00fccklich vor, Teile der Seiten oder das  gesamte Angebot ohne gesonderte Ank\u00fcndigung zu ver\u00e4ndern, zu erg\u00e4nzen,  zu l\u00f6schen oder die Ver\u00f6ffentlichung zeitweise oder endg\u00fcltig  einzustellen.<\/p>\n\n\n\n<p><strong>2. Verweise und Links <\/strong><\/p>\n\n\n\n<p>Bei  direkten oder indirekten Verweisen auf fremde Internetseiten (\u201eLinks\u201c),  die au\u00dferhalb des Verantwortungsbereiches des Autors liegen, w\u00fcrde eine  Haftungsverpflichtung ausschlie\u00dflich in dem Fall in Kraft treten, in  dem der Autor von den Inhalten Kenntnis hat und es ihm technisch m\u00f6glich  und zumutbar w\u00e4re, die Nutzung im Falle rechtswidriger Inhalte zu  verhindern. Der Autor erkl\u00e4rt hiermit ausdr\u00fccklich, dass zum Zeitpunkt  der Linksetzung keine illegalen Inhalte auf den zu verlinkenden Seiten  erkennbar waren. Auf die aktuelle und zuk\u00fcnftige Gestaltung, die Inhalte  oder die Urheberschaft der gelinkten\/verkn\u00fcpften Seiten hat der Autor  keinerlei Einfluss. Deshalb distanziert er sich hiermit ausdr\u00fccklich von  allen Inhalten aller gelinkten \/verkn\u00fcpften Seiten, die nach der  Linksetzung ver\u00e4ndert wurden. Diese Feststellung gilt f\u00fcr alle innerhalb  des eigenen Internetangebotes gesetzten Links und Verweise sowie f\u00fcr  Fremdeintr\u00e4ge in vom Autor eingerichteten G\u00e4steb\u00fcchern, Diskussionsforen  und Mailinglisten. F\u00fcr illegale, fehlerhafte oder unvollst\u00e4ndige  Inhalte und insbesondere f\u00fcr Sch\u00e4den, die aus der Nutzung oder  Nichtnutzung solcherart dargebotener Informationen entstehen, haftet  allein der Anbieter der Seite, auf welche verwiesen wurde, nicht  derjenige, der \u00fcber Links auf die jeweilige Ver\u00f6ffentlichung lediglich  verweist.<\/p>\n\n\n\n<p><strong>3. Urheber- und Kennzeichenrecht <\/strong><\/p>\n\n\n\n<p>Der  Autor ist bestrebt, in allen Publikationen die Urheberrechte der  verwendeten Grafiken, Tondokumente, Videosequenzen und Texte zu  beachten, von ihm selbst erstellte Grafiken, Tondokumente,  Videosequenzen und Texte zu nutzen oder auf lizenzfreie Grafiken,  Tondokumente, Videosequenzen und Texte zur\u00fcckzugreifen. Alle innerhalb  des Internetangebotes genannten und ggf. durch Dritte gesch\u00fctzten  Marken- und Warenzeichen unterliegen uneingeschr\u00e4nkt den Bestimmungen  des jeweils g\u00fcltigen Kennzeichenrechts und den Besitzrechten der  jeweiligen eingetragenen Eigent\u00fcmer. Allein aufgrund der blo\u00dfen Nennung  ist nicht der Schluss zu ziehen, dass Markenzeichen nicht durch Rechte  Dritter gesch\u00fctzt sind! Das Copyright f\u00fcr ver\u00f6ffentlichte, vom Autor  selbst erstellte Objekte bleibt allein beim Autor der Seiten. Eine  Vervielf\u00e4ltigung oder Verwendung solcher Grafiken, Tondokumente,  Videosequenzen und Texte in anderen elektronischen oder gedruckten  Publikationen ist ohne ausdr\u00fcckliche Zustimmung des Autors nicht  gestattet.<\/p>\n\n\n\n<p><strong>4. Datenschutz <\/strong><\/p>\n\n\n\n<p>Sofern\n innerhalb des Internetangebotes die M\u00f6glichkeit zur Eingabe \npers\u00f6nlicher oder gesch\u00e4ftlicher Daten (Email- Adressen, Namen, \nAnschriften) besteht, so erfolgt die Preisgabe dieser Daten seitens des \nNutzers auf ausdr\u00fccklich freiwilliger Basis. Die Inanspruchnahme und \nBezahlung aller angebotenen Dienste ist \u2013 soweit technisch m\u00f6glich und \nzumutbar \u2013 auch ohne Angabe solcher Daten bzw. unter Angabe \nanonymisierter Daten oder eines Pseudonyms gestattet<strong>.<\/strong><\/p>\n\n\n\n<p>Ihre  E-Mails werden ohne zus\u00e4tzliche Verschl\u00fcsselungstechniken an uns  weitergeleitet. Alle gesendeten Informationen k\u00f6nnen daher u. U. w\u00e4hrend  der \u00dcbermittlung von Dritten eingesehen werden. Sicherheitshalber  sollten Sie keine Kennw\u00f6rter, Kreditkartennummern oder andere  Informationen versenden, die Sie geheim halten wollen.<\/p>\n\n\n\n<p><strong>5. Rechtswirksamkeit dieses Haftungsausschlusses <\/strong><\/p>\n\n\n\n<p>Dieser\n Haftungsausschluss ist als Teil des Internetangebotes zu betrachten, \nvon dem aus auf diese Seite verwiesen wurde. Sofern Teile oder einzelne \nFormulierungen dieses Textes der geltenden Rechtslage nicht, nicht mehr \noder nicht vollst\u00e4ndig entsprechen sollten, bleiben die \u00fcbrigen Teile \ndes Dokumentes in ihrem Inhalt und ihrer G\u00fcltigkeit davon unber\u00fchrt.<\/p>\n\n\n<p><!--EndFragment--><br>\n<br>\n<\/p>","protected":false},"excerpt":{"rendered":"<p>Internet: www.atelier-lindner.de Verantwortlich f\u00fcr die Website: Manfred Lindner, Hunsr\u00fcckstra\u00dfe 21, 65520 Bad Camberg, 06434\/903461, manfred@atelier-lindner.de, www.atelier-lindner.de Haftungsausschluss Inhalt des Onlineangebotes Der Autor \u00fcbernimmt keinerlei Gew\u00e4hr f\u00fcr die Aktualit\u00e4t, Korrektheit, Vollst\u00e4ndigkeit oder Qualit\u00e4t der bereitgestellten Informationen. Haftungsanspr\u00fcche gegen den Autor, welche sich auf Sch\u00e4den materieller oder ideeller Art beziehen, die durch die Nutzung oder Nichtnutzung der&#8230;<\/p>\n","protected":false},"author":1,"featured_media":0,"parent":0,"menu_order":0,"comment_status":"closed","ping_status":"closed","template":"","meta":{"ngg_post_thumbnail":0},"_links":{"self":[{"href":"https:\/\/atelier-lindner.de\/index.php?rest_route=\/wp\/v2\/pages\/237"}],"collection":[{"href":"https:\/\/atelier-lindner.de\/index.php?rest_route=\/wp\/v2\/pages"}],"about":[{"href":"https:\/\/atelier-lindner.de\/index.php?rest_route=\/wp\/v2\/types\/page"}],"author":[{"embeddable":true,"href":"https:\/\/atelier-lindner.de\/index.php?rest_route=\/wp\/v2\/users\/1"}],"replies":[{"embeddable":true,"href":"https:\/\/atelier-lindner.de\/index.php?rest_route=%2Fwp%2Fv2%2Fcomments&post=237"}],"version-history":[{"count":1,"href":"https:\/\/atelier-lindner.de\/index.php?rest_route=\/wp\/v2\/pages\/237\/revisions"}],"predecessor-version":[{"id":238,"href":"https:\/\/atelier-lindner.de\/index.php?rest_route=\/wp\/v2\/pages\/237\/revisions\/238"}],"wp:attachment":[{"href":"https:\/\/atelier-lindner.de\/index.php?rest_route=%2Fwp%2Fv2%2Fmedia&parent=237"}],"curies":[{"name":"wp","href":"https:\/\/api.w.org\/{rel}","templated":true}]}}