{"id":218,"date":"2020-01-01T17:17:51","date_gmt":"2020-01-01T17:17:51","guid":{"rendered":"http:\/\/atelier-lindner.de\/?page_id=218"},"modified":"2020-01-01T17:17:51","modified_gmt":"2020-01-01T17:17:51","slug":"datenschutz","status":"publish","type":"page","link":"https:\/\/atelier-lindner.de\/?page_id=218","title":{"rendered":"Datenschutz"},"content":{"rendered":"\n<ol><li><strong> Datenschutz auf einen Blick<\/strong><\/li><\/ol>\n\n\n\n<p><strong>Allgemeine Hinweise<\/strong><\/p>\n\n\n\n<p>Die\n folgenden Hinweise geben einen einfachen \u00dcberblick dar\u00fcber, was mit \nIhren personenbezogenen Daten passiert, wenn Sie unsere Website \nbesuchen. Personenbezogene Daten sind alle Daten, mit denen Sie \npers\u00f6nlich identifiziert werden k\u00f6nnen. Ausf\u00fchrliche Informationen zum \nThema Datenschutz entnehmen Sie unserer unter diesem Text aufgef\u00fchrten \nDatenschutzerkl\u00e4rung.<\/p>\n\n\n\n<p><strong>Datenerfassung auf unserer Website<\/strong><\/p>\n\n\n\n<p><strong>Wer ist verantwortlich f\u00fcr die Datenerfassung auf dieser Website?<\/strong><\/p>\n\n\n\n<p>Die\n Datenverarbeitung auf dieser Website erfolgt durch den \nWebsitebetreiber. Dessen Kontaktdaten k\u00f6nnen Sie dem Impressum dieser \nWebsite entnehmen.<\/p>\n\n\n\n<p><strong>Wie erfassen wir Ihre Daten?<\/strong><\/p>\n\n\n\n<p>Ihre\n Daten werden zum einen dadurch erhoben, dass Sie uns diese mitteilen. \nHierbei kann es sich z.&nbsp;B. um Daten handeln, die Sie in ein \nKontaktformular eingeben.<\/p>\n\n\n\n<p>Andere Daten werden automatisch beim \nBesuch der Website durch unsere IT-Systeme erfasst. Das sind vor allem \ntechnische Daten (z.&nbsp;B. Internetbrowser, Betriebssystem oder Uhrzeit des\n Seitenaufrufs). Die Erfassung dieser Daten erfolgt automatisch, sobald \nSie unsere Website betreten.<\/p>\n\n\n\n<p><strong>Wof\u00fcr nutzen wir Ihre Daten?<\/strong><\/p>\n\n\n\n<p>Ein\n Teil der Daten wird erhoben, um eine fehlerfreie Bereitstellung der \nWebsite zu gew\u00e4hrleisten. Andere Daten k\u00f6nnen zur Analyse Ihres \nNutzerverhaltens verwendet werden.<\/p>\n\n\n\n<p><strong>Welche Rechte haben Sie bez\u00fcglich Ihrer Daten?<\/strong><\/p>\n\n\n\n<p>Sie\n haben jederzeit das Recht unentgeltlich Auskunft \u00fcber Herkunft, \nEmpf\u00e4nger und Zweck Ihrer gespeicherten personenbezogenen Daten zu \nerhalten. Sie haben au\u00dferdem ein Recht, die Berichtigung, Sperrung oder \nL\u00f6schung dieser Daten zu verlangen. Hierzu sowie zu weiteren Fragen zum \nThema Datenschutz k\u00f6nnen Sie sich jederzeit unter der im Impressum \nangegebenen Adresse an uns wenden. Des Weiteren steht Ihnen ein \nBeschwerderecht bei der zust\u00e4ndigen Aufsichtsbeh\u00f6rde zu.<\/p>\n\n\n\n<p>Au\u00dferdem \nhaben Sie das Recht, unter bestimmten Umst\u00e4nden die Einschr\u00e4nkung der \nVerarbeitung Ihrer personenbezogenen Daten zu verlangen. Details hierzu \nentnehmen Sie der Datenschutzerkl\u00e4rung unter \u201eRecht auf Einschr\u00e4nkung \nder Verarbeitung\u201c.<\/p>\n\n\n\n<p><strong>Analyse-Tools und Tools von Drittanbietern<\/strong><\/p>\n\n\n\n<p>Beim\n Besuch unserer Website kann Ihr Surf-Verhalten statistisch ausgewertet \nwerden. Das geschieht vor allem mit Cookies und mit sogenannten \nAnalyseprogrammen. Die Analyse Ihres Surf-Verhaltens erfolgt in der \nRegel anonym; das Surf-Verhalten kann nicht zu Ihnen zur\u00fcckverfolgt \nwerden.<\/p>\n\n\n\n<p>Sie k\u00f6nnen dieser Analyse widersprechen oder sie durch die  \nNichtbenutzung bestimmter Tools verhindern. Detaillierte Informationen  \nzu diesen Tools und \u00fcber Ihre Widerspruchsm\u00f6glichkeiten finden Sie in  \nder folgenden Datenschutzerkl\u00e4rung.<\/p>\n\n\n\n<p>2.<strong> Allgemeine Hinweise und Pflichtinformationen<\/strong><\/p>\n\n\n\n<p><strong>Datenschutz<\/strong><\/p>\n\n\n\n<p>Die\n Betreiber dieser Seiten nehmen den Schutz Ihrer pers\u00f6nlichen Daten sehr\n ernst. Wir behandeln Ihre personenbezogenen Daten vertraulich und \nentsprechend der gesetzlichen Datenschutzvorschriften sowie dieser \nDatenschutzerkl\u00e4rung.<\/p>\n\n\n\n<p>Wenn Sie diese Website benutzen, werden \nverschiedene personenbezogene Daten erhoben. Personenbezogene Daten sind\n Daten, mit denen Sie pers\u00f6nlich identifiziert werden k\u00f6nnen. Die \nvorliegende Datenschutzerkl\u00e4rung erl\u00e4utert, welche Daten wir erheben und\n wof\u00fcr wir sie nutzen. Sie erl\u00e4utert auch, wie und zu welchem Zweck das \ngeschieht.<\/p>\n\n\n\n<p>Wir weisen darauf hin, dass die Daten\u00fcbertragung im \nInternet (z.&nbsp;B. bei der Kommunikation per E-Mail) Sicherheitsl\u00fccken \naufweisen kann. Ein l\u00fcckenloser Schutz der Daten vor dem Zugriff durch \nDritte ist nicht m\u00f6glich.<\/p>\n\n\n\n<p><strong>Hinweis zur verantwortlichen Stelle<\/strong><\/p>\n\n\n\n<p>Die verantwortliche Stelle f\u00fcr die Datenverarbeitung auf dieser Website ist:<\/p>\n\n\n\n<p>Manfred Lindner, Hunsr\u00fcckstra\u00dfe 21, 65520 Bad Camberg<\/p>\n\n\n\n<p>Telefon: 06434\/903461<br> E-Mail: <a href=\"mailto:manfred@atelier-lindner.de\">manfred@atelier-lindner.de<\/a><br><\/p>\n\n\n\n<p>Verantwortliche\n Stelle ist die nat\u00fcrliche oder juristische Person, die allein oder \ngemeinsam mit anderen \u00fcber die Zwecke und Mittel der Verarbeitung von \npersonenbezogenen Daten (z.&nbsp;B. Namen, E-Mail-Adressen o. \u00c4.) \nentscheidet.<\/p>\n\n\n\n<p><strong>Widerruf Ihrer Einwilligung zur Datenverarbeitung<\/strong><\/p>\n\n\n\n<p>Viele\n Datenverarbeitungsvorg\u00e4nge sind nur mit Ihrer ausdr\u00fccklichen \nEinwilligung m\u00f6glich. Sie k\u00f6nnen eine bereits erteilte Einwilligung \njederzeit widerrufen. Dazu reicht eine formlose Mitteilung per E-Mail an\n uns. Die Rechtm\u00e4\u00dfigkeit der bis zum Widerruf erfolgten \nDatenverarbeitung bleibt vom Widerruf unber\u00fchrt.<\/p>\n\n\n\n<p><strong>Widerspruchsrecht gegen die Datenerhebung in besonderen F\u00e4llen sowie gegen Direktwerbung (Art. 21 DSGVO)<\/strong><\/p>\n\n\n\n<p><strong>Wenn\n die Datenverarbeitung auf Grundlage von Art. 6 Abs. 1 lit. e oder f \nDSGVO erfolgt, haben Sie jederzeit das Recht, aus Gr\u00fcnden, die sich aus \nIhrer besonderen Situation ergeben, gegen die Verarbeitung Ihrer \npersonenbezogenen Daten Widerspruch einzulegen; dies gilt auch f\u00fcr ein \nauf diese Bestimmungen gest\u00fctztes Profiling. Die jeweilige \nRechtsgrundlage, auf denen eine Verarbeitung beruht, entnehmen Sie \ndieser Datenschutzerkl\u00e4rung. Wenn Sie Widerspruch einlegen, werden wir \nIhre betroffenen personenbezogenen Daten nicht mehr verarbeiten, es sei \ndenn, wir k\u00f6nnen zwingende schutzw\u00fcrdige Gr\u00fcnde f\u00fcr die Verarbeitung \nnachweisen, die Ihre Interessen, Rechte und Freiheiten \u00fcberwiegen oder \ndie Verarbeitung dient der Geltendmachung, Aus\u00fcbung oder Verteidigung \nvon Rechtsanspr\u00fcchen (Widerspruch nach Art. 21 Abs. 1 DSGVO).<\/strong><\/p>\n\n\n\n<p><strong>Werden\n Ihre personenbezogenen Daten verarbeitet, um Direktwerbung zu \nbetreiben, so haben Sie das Recht, jederzeit Widerspruch gegen die \nVerarbeitung Sie betreffender personenbezogener Daten zum Zwecke \nderartiger Werbung einzulegen; dies gilt auch f\u00fcr das Profiling, soweit \nes mit solcher Direktwerbung in Verbindung steht. Wenn Sie \nwidersprechen, werden Ihre personenbezogenen Daten anschlie\u00dfend nicht \nmehr zum Zwecke der Direktwerbung verwendet (Widerspruch nach Art. 21 \nAbs. 2 DSGVO).<\/strong><\/p>\n\n\n\n<p><strong>Beschwerderecht bei der zust\u00e4ndigen Aufsichtsbeh\u00f6rde<\/strong><\/p>\n\n\n\n<p>Im\n Falle von Verst\u00f6\u00dfen gegen die DSGVO steht den Betroffenen ein \nBeschwerderecht bei einer Aufsichtsbeh\u00f6rde, insbesondere in dem \nMitgliedstaat ihres gew\u00f6hnlichen Aufenthalts, ihres Arbeitsplatzes oder \ndes Orts des mutma\u00dflichen Versto\u00dfes zu. Das Beschwerderecht besteht \nunbeschadet anderweitiger verwaltungsrechtlicher oder gerichtlicher \nRechtsbehelfe.<\/p>\n\n\n\n<p><strong>Recht auf Daten\u00fcbertragbarkeit<\/strong><\/p>\n\n\n\n<p>Sie\n haben das Recht, Daten, die wir auf Grundlage Ihrer Einwilligung oder \nin Erf\u00fcllung eines Vertrags automatisiert verarbeiten, an sich oder an \neinen Dritten in einem g\u00e4ngigen, maschinenlesbaren Format aush\u00e4ndigen zu\n lassen. Sofern Sie die direkte \u00dcbertragung der Daten an einen anderen \nVerantwortlichen verlangen, erfolgt dies nur, soweit es technisch \nmachbar ist.<\/p>\n\n\n\n<p><strong>SSL- bzw. TLS-Verschl\u00fcsselung<\/strong><\/p>\n\n\n\n<p>Diese\n Seite nutzt aus Sicherheitsgr\u00fcnden und zum Schutz der \u00dcbertragung \nvertraulicher Inhalte, wie zum Beispiel Bestellungen oder Anfragen, die \nSie an uns als Seitenbetreiber senden, eine SSL- bzw. \nTLS-Verschl\u00fcsselung. Eine verschl\u00fcsselte Verbindung erkennen Sie daran, \ndass die Adresszeile des Browsers von \u201ehttp:\/\/\u201c auf \u201ehttps:\/\/\u201c wechselt \nund an dem Schloss-Symbol in Ihrer Browserzeile.<\/p>\n\n\n\n<p>Wenn die SSL- \nbzw. TLS-Verschl\u00fcsselung aktiviert ist, k\u00f6nnen die Daten, die Sie an uns\n \u00fcbermitteln, nicht von Dritten mitgelesen werden.<\/p>\n\n\n\n<p><strong>Auskunft, Sperrung, L\u00f6schung und Berichtigung<\/strong><\/p>\n\n\n\n<p>Sie\n haben im Rahmen der geltenden gesetzlichen Bestimmungen jederzeit das \nRecht auf unentgeltliche Auskunft \u00fcber Ihre gespeicherten \npersonenbezogenen Daten, deren Herkunft und Empf\u00e4nger und den Zweck der \nDatenverarbeitung und ggf. ein Recht auf Berichtigung, Sperrung oder \nL\u00f6schung dieser Daten. Hierzu sowie zu weiteren Fragen zum Thema \npersonenbezogene Daten k\u00f6nnen Sie sich jederzeit unter der im Impressum \nangegebenen Adresse an uns wenden.<\/p>\n\n\n\n<p><strong>Recht auf Einschr\u00e4nkung der Verarbeitung<\/strong><\/p>\n\n\n\n<p>Sie\n haben das Recht, die Einschr\u00e4nkung der Verarbeitung Ihrer \npersonenbezogenen Daten zu verlangen. Hierzu k\u00f6nnen Sie sich jederzeit \nunter der im Impressum angegebenen Adresse an uns wenden. Das Recht auf \nEinschr\u00e4nkung der Verarbeitung besteht in folgenden F\u00e4llen:<\/p>\n\n\n\n<ul><li>Wenn\n Sie die Richtigkeit Ihrer bei uns gespeicherten personenbezogenen Daten\n bestreiten, ben\u00f6tigen wir in der Regel Zeit, um dies zu \u00fcberpr\u00fcfen. F\u00fcr\n die Dauer der Pr\u00fcfung haben Sie das Recht, die Einschr\u00e4nkung der \nVerarbeitung Ihrer personenbezogenen Daten zu verlangen.<\/li><li>Wenn \ndie Verarbeitung Ihrer personenbezogenen Daten unrechtm\u00e4\u00dfig \ngeschah\/geschieht, k\u00f6nnen Sie statt der L\u00f6schung die Einschr\u00e4nkung der \nDatenverarbeitung verlangen.<\/li><li>Wenn wir Ihre personenbezogenen \nDaten nicht mehr ben\u00f6tigen, Sie sie jedoch zur Aus\u00fcbung, Verteidigung \noder Geltendmachung von Rechtsanspr\u00fcchen ben\u00f6tigen, haben Sie das Recht,\n statt der L\u00f6schung die Einschr\u00e4nkung der Verarbeitung Ihrer \npersonenbezogenen Daten zu verlangen.<\/li><li>Wenn Sie einen Widerspruch\n nach Art. 21 Abs. 1 DSGVO eingelegt haben, muss eine Abw\u00e4gung zwischen \nIhren und unseren Interessen vorgenommen werden. Solange noch nicht \nfeststeht, wessen Interessen \u00fcberwiegen, haben Sie das Recht, die \nEinschr\u00e4nkung der Verarbeitung Ihrer personenbezogenen Daten zu \nverlangen.<\/li><\/ul>\n\n\n\n<p>Wenn Sie die Verarbeitung Ihrer personenbezogenen  Daten \neingeschr\u00e4nkt haben, d\u00fcrfen diese Daten \u2013 von ihrer Speicherung  \nabgesehen \u2013 nur mit Ihrer Einwilligung oder zur Geltendmachung, Aus\u00fcbung\n  oder Verteidigung von Rechtsanspr\u00fcchen oder zum Schutz der Rechte \neiner  anderen nat\u00fcrlichen oder juristischen Person oder aus Gr\u00fcnden \neines  wichtigen \u00f6ffentlichen Interesses der Europ\u00e4ischen Union oder \neines  Mitgliedstaats verarbeitet werden.<\/p>\n\n\n\n<p><strong>3. Datenerfassung auf unserer Website<\/strong><\/p>\n\n\n\n<p><strong>Cookies<\/strong><\/p>\n\n\n\n<p>Die\n Internetseiten verwenden teilweise so genannte Cookies. Cookies richten\n auf Ihrem Rechner keinen Schaden an und enthalten keine Viren. Cookies \ndienen dazu, unser Angebot nutzerfreundlicher, effektiver und sicherer \nzu machen. Cookies sind kleine Textdateien, die auf Ihrem Rechner \nabgelegt werden und die Ihr Browser speichert.<\/p>\n\n\n\n<p>Die meisten der von\n uns verwendeten Cookies sind so genannte \u201eSession-Cookies\u201c. Sie werden \nnach Ende Ihres Besuchs automatisch gel\u00f6scht. Andere Cookies bleiben auf\n Ihrem Endger\u00e4t gespeichert bis Sie diese l\u00f6schen. Diese Cookies \nerm\u00f6glichen es uns, Ihren Browser beim n\u00e4chsten Besuch wiederzuerkennen.<\/p>\n\n\n\n<p>Sie\n k\u00f6nnen Ihren Browser so einstellen, dass Sie \u00fcber das Setzen von \nCookies informiert werden und Cookies nur im Einzelfall erlauben, die \nAnnahme von Cookies f\u00fcr bestimmte F\u00e4lle oder generell ausschlie\u00dfen sowie\n das automatische L\u00f6schen der Cookies beim Schlie\u00dfen des Browsers \naktivieren. Bei der Deaktivierung von Cookies kann die Funktionalit\u00e4t \ndieser Website eingeschr\u00e4nkt sein.<\/p>\n\n\n\n<p>Cookies, die zur Durchf\u00fchrung \ndes elektronischen Kommunikationsvorgangs oder zur Bereitstellung \nbestimmter, von Ihnen erw\u00fcnschter Funktionen (z.&nbsp;B. Warenkorbfunktion) \nerforderlich sind, werden auf Grundlage von Art. 6 Abs. 1 lit. f DSGVO \ngespeichert. Der Websitebetreiber hat ein berechtigtes Interesse an der \nSpeicherung von Cookies zur technisch fehlerfreien und optimierten \nBereitstellung seiner Dienste. Soweit andere Cookies (z.&nbsp;B. Cookies zur \nAnalyse Ihres Surfverhaltens) gespeichert werden, werden diese in dieser\n Datenschutzerkl\u00e4rung gesondert behandelt.<\/p>\n\n\n\n<p><strong>Server-Log-Dateien<\/strong><\/p>\n\n\n\n<p>Der\n Provider der Seiten erhebt und speichert automatisch Informationen in \nso genannten Server-Log-Dateien, die Ihr Browser automatisch an uns \n\u00fcbermittelt. Dies sind:<\/p>\n\n\n\n<ul><li>Browsertyp und Browserversion<\/li><li>verwendetes Betriebssystem<\/li><li>Referrer URL<\/li><li>Hostname des zugreifenden Rechners<\/li><li>Uhrzeit der Serveranfrage<\/li><li>IP-Adresse<\/li><\/ul>\n\n\n\n<p>Eine Zusammenf\u00fchrung dieser Daten mit anderen Datenquellen wird nicht vorgenommen.<\/p>\n\n\n\n<p>Die\n Erfassung dieser Daten erfolgt auf Grundlage von Art. 6 Abs. 1 lit. f \nDSGVO. Der Websitebetreiber hat ein berechtigtes Interesse an der \ntechnisch fehlerfreien Darstellung und der Optimierung seiner Website \u2013 \nhierzu m\u00fcssen die Server-Log-Files erfasst werden.<\/p>\n\n\n\n<p><strong>Kontaktformular<\/strong><\/p>\n\n\n\n<p>Wenn\n Sie uns per Kontaktformular Anfragen zukommen lassen, werden Ihre \nAngaben aus dem Anfrageformular inklusive der von Ihnen dort angegebenen\n Kontaktdaten zwecks Bearbeitung der Anfrage und f\u00fcr den Fall von \nAnschlussfragen bei uns gespeichert. Diese Daten geben wir nicht ohne \nIhre Einwilligung weiter.<\/p>\n\n\n\n<p>Die Verarbeitung der in das \nKontaktformular eingegebenen Daten erfolgt somit ausschlie\u00dflich auf \nGrundlage Ihrer Einwilligung (Art. 6 Abs. 1 lit. a DSGVO). Sie k\u00f6nnen \ndiese Einwilligung jederzeit widerrufen. Dazu reicht eine formlose \nMitteilung per E-Mail an uns. Die Rechtm\u00e4\u00dfigkeit der bis zum Widerruf \nerfolgten Datenverarbeitungsvorg\u00e4nge bleibt vom Widerruf unber\u00fchrt.<\/p>\n\n\n\n<p>Die\n von Ihnen im Kontaktformular eingegebenen Daten verbleiben bei uns, bis\n Sie uns zur L\u00f6schung auffordern, Ihre Einwilligung zur Speicherung \nwiderrufen oder der Zweck f\u00fcr die Datenspeicherung entf\u00e4llt (z.&nbsp;B. nach \nabgeschlossener Bearbeitung Ihrer Anfrage). Zwingende gesetzliche \nBestimmungen \u2013 insbesondere Aufbewahrungsfristen \u2013 bleiben unber\u00fchrt.<\/p>\n\n\n\n<p><strong>Anfrage per E-Mail, Telefon oder Telefax<\/strong><\/p>\n\n\n\n<p>Wenn\n Sie uns per E-Mail, Telefon oder Telefax kontaktieren, wird Ihre \nAnfrage inklusive aller daraus hervorgehenden personenbezogenen Daten \n(Name, Anfrage) zum Zwecke der Bearbeitung Ihres Anliegens bei uns \ngespeichert und verarbeitet. Diese Daten geben wir nicht ohne Ihre \nEinwilligung weiter.<\/p>\n\n\n\n<p>Die Verarbeitung dieser Daten erfolgt auf \nGrundlage von Art. 6 Abs. 1 lit. b DSGVO, sofern Ihre Anfrage mit der \nErf\u00fcllung eines Vertrags zusammenh\u00e4ngt oder zur Durchf\u00fchrung \nvorvertraglicher Ma\u00dfnahmen erforderlich ist. In allen \u00fcbrigen F\u00e4llen \nberuht die Verarbeitung auf Ihrer Einwilligung (Art. 6 Abs. 1 lit. a \nDSGVO) und\/oder auf unseren berechtigten Interessen (Art. 6 Abs. 1 lit. f\n DSGVO), da wir ein berechtigtes Interesse an der effektiven Bearbeitung\n der an uns gerichteten Anfragen haben.<\/p>\n\n\n\n<p>Die von Ihnen an uns per \nKontaktanfragen \u00fcbersandten Daten verbleiben bei uns, bis Sie uns zur \nL\u00f6schung auffordern, Ihre Einwilligung zur Speicherung widerrufen oder \nder Zweck f\u00fcr die Datenspeicherung entf\u00e4llt (z.&nbsp;B. nach abgeschlossener \nBearbeitung Ihres Anliegens). Zwingende gesetzliche Bestimmungen \u2013 \ninsbesondere gesetzliche Aufbewahrungsfristen \u2013 bleiben unber\u00fchrt.<\/p>\n","protected":false},"excerpt":{"rendered":"<p>Datenschutz auf einen Blick Allgemeine Hinweise Die folgenden Hinweise geben einen einfachen \u00dcberblick dar\u00fcber, was mit Ihren personenbezogenen Daten passiert, wenn Sie unsere Website besuchen. Personenbezogene Daten sind alle Daten, mit denen Sie pers\u00f6nlich identifiziert werden k\u00f6nnen. Ausf\u00fchrliche Informationen zum Thema Datenschutz entnehmen Sie unserer unter diesem Text aufgef\u00fchrten Datenschutzerkl\u00e4rung. Datenerfassung auf unserer Website Wer&#8230;<\/p>\n","protected":false},"author":1,"featured_media":0,"parent":0,"menu_order":0,"comment_status":"closed","ping_status":"closed","template":"","meta":{"ngg_post_thumbnail":0},"_links":{"self":[{"href":"https:\/\/atelier-lindner.de\/index.php?rest_route=\/wp\/v2\/pages\/218"}],"collection":[{"href":"https:\/\/atelier-lindner.de\/index.php?rest_route=\/wp\/v2\/pages"}],"about":[{"href":"https:\/\/atelier-lindner.de\/index.php?rest_route=\/wp\/v2\/types\/page"}],"author":[{"embeddable":true,"href":"https:\/\/atelier-lindner.de\/index.php?rest_route=\/wp\/v2\/users\/1"}],"replies":[{"embeddable":true,"href":"https:\/\/atelier-lindner.de\/index.php?rest_route=%2Fwp%2Fv2%2Fcomments&post=218"}],"version-history":[{"count":1,"href":"https:\/\/atelier-lindner.de\/index.php?rest_route=\/wp\/v2\/pages\/218\/revisions"}],"predecessor-version":[{"id":219,"href":"https:\/\/atelier-lindner.de\/index.php?rest_route=\/wp\/v2\/pages\/218\/revisions\/219"}],"wp:attachment":[{"href":"https:\/\/atelier-lindner.de\/index.php?rest_route=%2Fwp%2Fv2%2Fmedia&parent=218"}],"curies":[{"name":"wp","href":"https:\/\/api.w.org\/{rel}","templated":true}]}}