{"id":197,"date":"2020-01-01T17:10:32","date_gmt":"2020-01-01T17:10:32","guid":{"rendered":"http:\/\/atelier-lindner.de\/?page_id=197"},"modified":"2020-01-05T20:42:01","modified_gmt":"2020-01-05T20:42:01","slug":"frei-arbeiten","status":"publish","type":"page","link":"https:\/\/atelier-lindner.de\/?page_id=197","title":{"rendered":"Freie Arbeiten"},"content":{"rendered":"<p>Das einzige Thema meiner Arbeit ist die Natur. Ein kleines Insekt, eine gerade erst entdeckte Wildbiene in meinem Garten, eine verbl\u00fchte Wildblume, ein vertrockneter Samenstand, das inspiriert mich.<\/p>\n\n\n\n\n<div class=\"ngg-galleryoverview ngg-slideshow\"\n\t id=\"ngg-slideshow-26cc246b8408581ac658ade4c405f1e1-13473711930\"\n     data-gallery-id=\"26cc246b8408581ac658ade4c405f1e1\"\n     style=\"max-width: 750px; max-height: 500px;\">\n\n \t<div id=\"ngg-image-0\" class=\"ngg-gallery-slideshow-image\" style=\"height:500px\">\n\n        <a href=\"https:\/\/atelier-lindner.de\/wp-content\/gallery\/freie-arbeiten\/alter-ast2.jpg\"\n           title=\"\"\n           data-src=\"https:\/\/atelier-lindner.de\/wp-content\/gallery\/freie-arbeiten\/alter-ast2.jpg\"\n           data-thumbnail=\"https:\/\/atelier-lindner.de\/wp-content\/gallery\/freie-arbeiten\/thumbs\/thumbs_alter-ast2.jpg\"\n           data-image-id=\"1\"\n           data-title=\"alter-ast2\"\n           data-description=\"\"\n           class=\"ngg-simplelightbox\" rel=\"26cc246b8408581ac658ade4c405f1e1\">\n\n            <img data-image-id='1'\n                 title=\"\"\n                 alt=\"alter-ast2\"\n                 src=\"https:\/\/atelier-lindner.de\/wp-content\/gallery\/freie-arbeiten\/alter-ast2.jpg\"\n                 style=\"max-height: 480px;\"\/>\n        <\/a>\n\n        <\/div> \n<div id=\"ngg-image-1\" class=\"ngg-gallery-slideshow-image\" style=\"height:500px\">\n\n        <a href=\"https:\/\/atelier-lindner.de\/wp-content\/gallery\/freie-arbeiten\/apfelbaum-1.jpg\"\n           title=\"\"\n           data-src=\"https:\/\/atelier-lindner.de\/wp-content\/gallery\/freie-arbeiten\/apfelbaum-1.jpg\"\n           data-thumbnail=\"https:\/\/atelier-lindner.de\/wp-content\/gallery\/freie-arbeiten\/thumbs\/thumbs_apfelbaum-1.jpg\"\n           data-image-id=\"2\"\n           data-title=\"apfelbaum-1\"\n           data-description=\"\"\n           class=\"ngg-simplelightbox\" rel=\"26cc246b8408581ac658ade4c405f1e1\">\n\n            <img data-image-id='2'\n                 title=\"\"\n                 alt=\"apfelbaum-1\"\n                 src=\"https:\/\/atelier-lindner.de\/wp-content\/gallery\/freie-arbeiten\/apfelbaum-1.jpg\"\n                 style=\"max-height: 480px;\"\/>\n        <\/a>\n\n        <\/div> \n<div id=\"ngg-image-2\" class=\"ngg-gallery-slideshow-image\" style=\"height:500px\">\n\n        <a href=\"https:\/\/atelier-lindner.de\/wp-content\/gallery\/freie-arbeiten\/apfelbaum-ast-3.jpg\"\n           title=\"\"\n           data-src=\"https:\/\/atelier-lindner.de\/wp-content\/gallery\/freie-arbeiten\/apfelbaum-ast-3.jpg\"\n           data-thumbnail=\"https:\/\/atelier-lindner.de\/wp-content\/gallery\/freie-arbeiten\/thumbs\/thumbs_apfelbaum-ast-3.jpg\"\n           data-image-id=\"3\"\n           data-title=\"apfelbaum-ast-3\"\n           data-description=\"\"\n           class=\"ngg-simplelightbox\" rel=\"26cc246b8408581ac658ade4c405f1e1\">\n\n            <img data-image-id='3'\n                 title=\"\"\n                 alt=\"apfelbaum-ast-3\"\n                 src=\"https:\/\/atelier-lindner.de\/wp-content\/gallery\/freie-arbeiten\/apfelbaum-ast-3.jpg\"\n                 style=\"max-height: 480px;\"\/>\n        <\/a>\n\n        <\/div> \n<div id=\"ngg-image-3\" class=\"ngg-gallery-slideshow-image\" style=\"height:500px\">\n\n        <a href=\"https:\/\/atelier-lindner.de\/wp-content\/gallery\/freie-arbeiten\/bl%C3%A4tter.jpg\"\n           title=\"&lt;digimax\/&gt;\"\n           data-src=\"https:\/\/atelier-lindner.de\/wp-content\/gallery\/freie-arbeiten\/bl%C3%A4tter.jpg\"\n           data-thumbnail=\"https:\/\/atelier-lindner.de\/wp-content\/gallery\/freie-arbeiten\/thumbs\/thumbs_bl%C3%A4tter.jpg\"\n           data-image-id=\"4\"\n           data-title=\"&lt;digimax\/&gt;\"\n           data-description=\"&lt;digimax\/&gt;\"\n           class=\"ngg-simplelightbox\" rel=\"26cc246b8408581ac658ade4c405f1e1\">\n\n            <img data-image-id='4'\n                 title=\"&lt;digimax\/&gt;\"\n                 alt=\"&lt;digimax\/&gt;\"\n                 src=\"https:\/\/atelier-lindner.de\/wp-content\/gallery\/freie-arbeiten\/bl%C3%A4tter.jpg\"\n                 style=\"max-height: 480px;\"\/>\n        <\/a>\n\n        <\/div> \n<div id=\"ngg-image-4\" class=\"ngg-gallery-slideshow-image\" style=\"height:500px\">\n\n        <a href=\"https:\/\/atelier-lindner.de\/wp-content\/gallery\/freie-arbeiten\/dachs2.jpg\"\n           title=\"\"\n           data-src=\"https:\/\/atelier-lindner.de\/wp-content\/gallery\/freie-arbeiten\/dachs2.jpg\"\n           data-thumbnail=\"https:\/\/atelier-lindner.de\/wp-content\/gallery\/freie-arbeiten\/thumbs\/thumbs_dachs2.jpg\"\n           data-image-id=\"5\"\n           data-title=\"dachs2\"\n           data-description=\"\"\n           class=\"ngg-simplelightbox\" rel=\"26cc246b8408581ac658ade4c405f1e1\">\n\n            <img data-image-id='5'\n                 title=\"\"\n                 alt=\"dachs2\"\n                 src=\"https:\/\/atelier-lindner.de\/wp-content\/gallery\/freie-arbeiten\/dachs2.jpg\"\n                 style=\"max-height: 480px;\"\/>\n        <\/a>\n\n        <\/div> \n<div id=\"ngg-image-5\" class=\"ngg-gallery-slideshow-image\" style=\"height:500px\">\n\n        <a href=\"https:\/\/atelier-lindner.de\/wp-content\/gallery\/freie-arbeiten\/dompfaff-l%C3%A4rche-2.jpg\"\n           title=\"\"\n           data-src=\"https:\/\/atelier-lindner.de\/wp-content\/gallery\/freie-arbeiten\/dompfaff-l%C3%A4rche-2.jpg\"\n           data-thumbnail=\"https:\/\/atelier-lindner.de\/wp-content\/gallery\/freie-arbeiten\/thumbs\/thumbs_dompfaff-l%C3%A4rche-2.jpg\"\n           data-image-id=\"6\"\n           data-title=\"dompfaff-l\u00e4rche-2\"\n           data-description=\"\"\n           class=\"ngg-simplelightbox\" rel=\"26cc246b8408581ac658ade4c405f1e1\">\n\n            <img data-image-id='6'\n                 title=\"\"\n                 alt=\"dompfaff-l\u00e4rche-2\"\n                 src=\"https:\/\/atelier-lindner.de\/wp-content\/gallery\/freie-arbeiten\/dompfaff-l%C3%A4rche-2.jpg\"\n                 style=\"max-height: 480px;\"\/>\n        <\/a>\n\n        <\/div> \n<div id=\"ngg-image-6\" class=\"ngg-gallery-slideshow-image\" style=\"height:500px\">\n\n        <a href=\"https:\/\/atelier-lindner.de\/wp-content\/gallery\/freie-arbeiten\/hund-im-schnee1-Kopie.jpg\"\n           title=\"\"\n           data-src=\"https:\/\/atelier-lindner.de\/wp-content\/gallery\/freie-arbeiten\/hund-im-schnee1-Kopie.jpg\"\n           data-thumbnail=\"https:\/\/atelier-lindner.de\/wp-content\/gallery\/freie-arbeiten\/thumbs\/thumbs_hund-im-schnee1-Kopie.jpg\"\n           data-image-id=\"7\"\n           data-title=\"hund-im-schnee1-Kopie\"\n           data-description=\"\"\n           class=\"ngg-simplelightbox\" rel=\"26cc246b8408581ac658ade4c405f1e1\">\n\n            <img data-image-id='7'\n                 title=\"\"\n                 alt=\"hund-im-schnee1-Kopie\"\n                 src=\"https:\/\/atelier-lindner.de\/wp-content\/gallery\/freie-arbeiten\/hund-im-schnee1-Kopie.jpg\"\n                 style=\"max-height: 480px;\"\/>\n        <\/a>\n\n        <\/div> \n<div id=\"ngg-image-7\" class=\"ngg-gallery-slideshow-image\" style=\"height:500px\">\n\n        <a href=\"https:\/\/atelier-lindner.de\/wp-content\/gallery\/freie-arbeiten\/hund-im-schnee1.jpg\"\n           title=\"\"\n           data-src=\"https:\/\/atelier-lindner.de\/wp-content\/gallery\/freie-arbeiten\/hund-im-schnee1.jpg\"\n           data-thumbnail=\"https:\/\/atelier-lindner.de\/wp-content\/gallery\/freie-arbeiten\/thumbs\/thumbs_hund-im-schnee1.jpg\"\n           data-image-id=\"8\"\n           data-title=\"hund-im-schnee1\"\n           data-description=\"\"\n           class=\"ngg-simplelightbox\" rel=\"26cc246b8408581ac658ade4c405f1e1\">\n\n            <img data-image-id='8'\n                 title=\"\"\n                 alt=\"hund-im-schnee1\"\n                 src=\"https:\/\/atelier-lindner.de\/wp-content\/gallery\/freie-arbeiten\/hund-im-schnee1.jpg\"\n                 style=\"max-height: 480px;\"\/>\n        <\/a>\n\n        <\/div> \n<div id=\"ngg-image-8\" class=\"ngg-gallery-slideshow-image\" style=\"height:500px\">\n\n        <a href=\"https:\/\/atelier-lindner.de\/wp-content\/gallery\/freie-arbeiten\/kohlmeise-l%C3%A4rche-4.jpg\"\n           title=\"\"\n           data-src=\"https:\/\/atelier-lindner.de\/wp-content\/gallery\/freie-arbeiten\/kohlmeise-l%C3%A4rche-4.jpg\"\n           data-thumbnail=\"https:\/\/atelier-lindner.de\/wp-content\/gallery\/freie-arbeiten\/thumbs\/thumbs_kohlmeise-l%C3%A4rche-4.jpg\"\n           data-image-id=\"9\"\n           data-title=\"kohlmeise-l\u00e4rche-4\"\n           data-description=\"\"\n           class=\"ngg-simplelightbox\" rel=\"26cc246b8408581ac658ade4c405f1e1\">\n\n            <img data-image-id='9'\n                 title=\"\"\n                 alt=\"kohlmeise-l\u00e4rche-4\"\n                 src=\"https:\/\/atelier-lindner.de\/wp-content\/gallery\/freie-arbeiten\/kohlmeise-l%C3%A4rche-4.jpg\"\n                 style=\"max-height: 480px;\"\/>\n        <\/a>\n\n        <\/div> \n<div id=\"ngg-image-9\" class=\"ngg-gallery-slideshow-image\" style=\"height:500px\">\n\n        <a href=\"https:\/\/atelier-lindner.de\/wp-content\/gallery\/freie-arbeiten\/mohn-2b.jpg\"\n           title=\"\"\n           data-src=\"https:\/\/atelier-lindner.de\/wp-content\/gallery\/freie-arbeiten\/mohn-2b.jpg\"\n           data-thumbnail=\"https:\/\/atelier-lindner.de\/wp-content\/gallery\/freie-arbeiten\/thumbs\/thumbs_mohn-2b.jpg\"\n           data-image-id=\"10\"\n           data-title=\"mohn-2b\"\n           data-description=\"\"\n           class=\"ngg-simplelightbox\" rel=\"26cc246b8408581ac658ade4c405f1e1\">\n\n            <img data-image-id='10'\n                 title=\"\"\n                 alt=\"mohn-2b\"\n                 src=\"https:\/\/atelier-lindner.de\/wp-content\/gallery\/freie-arbeiten\/mohn-2b.jpg\"\n                 style=\"max-height: 480px;\"\/>\n        <\/a>\n\n        <\/div> \n<div id=\"ngg-image-10\" class=\"ngg-gallery-slideshow-image\" style=\"height:500px\">\n\n        <a href=\"https:\/\/atelier-lindner.de\/wp-content\/gallery\/freie-arbeiten\/rotkehlchen-l%C3%A4rche-5.jpg\"\n           title=\"\"\n           data-src=\"https:\/\/atelier-lindner.de\/wp-content\/gallery\/freie-arbeiten\/rotkehlchen-l%C3%A4rche-5.jpg\"\n           data-thumbnail=\"https:\/\/atelier-lindner.de\/wp-content\/gallery\/freie-arbeiten\/thumbs\/thumbs_rotkehlchen-l%C3%A4rche-5.jpg\"\n           data-image-id=\"11\"\n           data-title=\"rotkehlchen-l\u00e4rche-5\"\n           data-description=\"\"\n           class=\"ngg-simplelightbox\" rel=\"26cc246b8408581ac658ade4c405f1e1\">\n\n            <img data-image-id='11'\n                 title=\"\"\n                 alt=\"rotkehlchen-l\u00e4rche-5\"\n                 src=\"https:\/\/atelier-lindner.de\/wp-content\/gallery\/freie-arbeiten\/rotkehlchen-l%C3%A4rche-5.jpg\"\n                 style=\"max-height: 480px;\"\/>\n        <\/a>\n\n        <\/div> \n<div id=\"ngg-image-11\" class=\"ngg-gallery-slideshow-image\" style=\"height:500px\">\n\n        <a href=\"https:\/\/atelier-lindner.de\/wp-content\/gallery\/freie-arbeiten\/skizzenbuch-1.jpg\"\n           title=\"\"\n           data-src=\"https:\/\/atelier-lindner.de\/wp-content\/gallery\/freie-arbeiten\/skizzenbuch-1.jpg\"\n           data-thumbnail=\"https:\/\/atelier-lindner.de\/wp-content\/gallery\/freie-arbeiten\/thumbs\/thumbs_skizzenbuch-1.jpg\"\n           data-image-id=\"12\"\n           data-title=\"skizzenbuch-1\"\n           data-description=\"\"\n           class=\"ngg-simplelightbox\" rel=\"26cc246b8408581ac658ade4c405f1e1\">\n\n            <img data-image-id='12'\n                 title=\"\"\n                 alt=\"skizzenbuch-1\"\n                 src=\"https:\/\/atelier-lindner.de\/wp-content\/gallery\/freie-arbeiten\/skizzenbuch-1.jpg\"\n                 style=\"max-height: 480px;\"\/>\n        <\/a>\n\n        <\/div> \n<div id=\"ngg-image-12\" class=\"ngg-gallery-slideshow-image\" style=\"height:500px\">\n\n        <a href=\"https:\/\/atelier-lindner.de\/wp-content\/gallery\/freie-arbeiten\/skizzenbuch-2.jpg\"\n           title=\"\"\n           data-src=\"https:\/\/atelier-lindner.de\/wp-content\/gallery\/freie-arbeiten\/skizzenbuch-2.jpg\"\n           data-thumbnail=\"https:\/\/atelier-lindner.de\/wp-content\/gallery\/freie-arbeiten\/thumbs\/thumbs_skizzenbuch-2.jpg\"\n           data-image-id=\"13\"\n           data-title=\"skizzenbuch-2\"\n           data-description=\"\"\n           class=\"ngg-simplelightbox\" rel=\"26cc246b8408581ac658ade4c405f1e1\">\n\n            <img data-image-id='13'\n                 title=\"\"\n                 alt=\"skizzenbuch-2\"\n                 src=\"https:\/\/atelier-lindner.de\/wp-content\/gallery\/freie-arbeiten\/skizzenbuch-2.jpg\"\n                 style=\"max-height: 480px;\"\/>\n        <\/a>\n\n        <\/div> \n<div id=\"ngg-image-13\" class=\"ngg-gallery-slideshow-image\" style=\"height:500px\">\n\n        <a href=\"https:\/\/atelier-lindner.de\/wp-content\/gallery\/freie-arbeiten\/skizzenbuch-3-Kopie.jpg\"\n           title=\"\"\n           data-src=\"https:\/\/atelier-lindner.de\/wp-content\/gallery\/freie-arbeiten\/skizzenbuch-3-Kopie.jpg\"\n           data-thumbnail=\"https:\/\/atelier-lindner.de\/wp-content\/gallery\/freie-arbeiten\/thumbs\/thumbs_skizzenbuch-3-Kopie.jpg\"\n           data-image-id=\"14\"\n           data-title=\"skizzenbuch-3-Kopie\"\n           data-description=\"\"\n           class=\"ngg-simplelightbox\" rel=\"26cc246b8408581ac658ade4c405f1e1\">\n\n            <img data-image-id='14'\n                 title=\"\"\n                 alt=\"skizzenbuch-3-Kopie\"\n                 src=\"https:\/\/atelier-lindner.de\/wp-content\/gallery\/freie-arbeiten\/skizzenbuch-3-Kopie.jpg\"\n                 style=\"max-height: 480px;\"\/>\n        <\/a>\n\n        <\/div> \n<div id=\"ngg-image-14\" class=\"ngg-gallery-slideshow-image\" style=\"height:500px\">\n\n        <a href=\"https:\/\/atelier-lindner.de\/wp-content\/gallery\/freie-arbeiten\/skizzenbuch-3.jpg\"\n           title=\"\"\n           data-src=\"https:\/\/atelier-lindner.de\/wp-content\/gallery\/freie-arbeiten\/skizzenbuch-3.jpg\"\n           data-thumbnail=\"https:\/\/atelier-lindner.de\/wp-content\/gallery\/freie-arbeiten\/thumbs\/thumbs_skizzenbuch-3.jpg\"\n           data-image-id=\"15\"\n           data-title=\"skizzenbuch-3\"\n           data-description=\"\"\n           class=\"ngg-simplelightbox\" rel=\"26cc246b8408581ac658ade4c405f1e1\">\n\n            <img data-image-id='15'\n                 title=\"\"\n                 alt=\"skizzenbuch-3\"\n                 src=\"https:\/\/atelier-lindner.de\/wp-content\/gallery\/freie-arbeiten\/skizzenbuch-3.jpg\"\n                 style=\"max-height: 480px;\"\/>\n        <\/a>\n\n        <\/div> \n<div id=\"ngg-image-15\" class=\"ngg-gallery-slideshow-image\" style=\"height:500px\">\n\n        <a href=\"https:\/\/atelier-lindner.de\/wp-content\/gallery\/freie-arbeiten\/skizzenbuch-4.jpg\"\n           title=\"\"\n           data-src=\"https:\/\/atelier-lindner.de\/wp-content\/gallery\/freie-arbeiten\/skizzenbuch-4.jpg\"\n           data-thumbnail=\"https:\/\/atelier-lindner.de\/wp-content\/gallery\/freie-arbeiten\/thumbs\/thumbs_skizzenbuch-4.jpg\"\n           data-image-id=\"16\"\n           data-title=\"skizzenbuch-4\"\n           data-description=\"\"\n           class=\"ngg-simplelightbox\" rel=\"26cc246b8408581ac658ade4c405f1e1\">\n\n            <img data-image-id='16'\n                 title=\"\"\n                 alt=\"skizzenbuch-4\"\n                 src=\"https:\/\/atelier-lindner.de\/wp-content\/gallery\/freie-arbeiten\/skizzenbuch-4.jpg\"\n                 style=\"max-height: 480px;\"\/>\n        <\/a>\n\n        <\/div> \n<div id=\"ngg-image-16\" class=\"ngg-gallery-slideshow-image\" style=\"height:500px\">\n\n        <a href=\"https:\/\/atelier-lindner.de\/wp-content\/gallery\/freie-arbeiten\/skizzenbuch-5.jpg\"\n           title=\"\"\n           data-src=\"https:\/\/atelier-lindner.de\/wp-content\/gallery\/freie-arbeiten\/skizzenbuch-5.jpg\"\n           data-thumbnail=\"https:\/\/atelier-lindner.de\/wp-content\/gallery\/freie-arbeiten\/thumbs\/thumbs_skizzenbuch-5.jpg\"\n           data-image-id=\"17\"\n           data-title=\"skizzenbuch-5\"\n           data-description=\"\"\n           class=\"ngg-simplelightbox\" rel=\"26cc246b8408581ac658ade4c405f1e1\">\n\n            <img data-image-id='17'\n                 title=\"\"\n                 alt=\"skizzenbuch-5\"\n                 src=\"https:\/\/atelier-lindner.de\/wp-content\/gallery\/freie-arbeiten\/skizzenbuch-5.jpg\"\n                 style=\"max-height: 480px;\"\/>\n        <\/a>\n\n        <\/div> \n<div id=\"ngg-image-17\" class=\"ngg-gallery-slideshow-image\" style=\"height:500px\">\n\n        <a href=\"https:\/\/atelier-lindner.de\/wp-content\/gallery\/freie-arbeiten\/Spatz2b.jpg\"\n           title=\"\"\n           data-src=\"https:\/\/atelier-lindner.de\/wp-content\/gallery\/freie-arbeiten\/Spatz2b.jpg\"\n           data-thumbnail=\"https:\/\/atelier-lindner.de\/wp-content\/gallery\/freie-arbeiten\/thumbs\/thumbs_Spatz2b.jpg\"\n           data-image-id=\"18\"\n           data-title=\"Spatz2b\"\n           data-description=\"\"\n           class=\"ngg-simplelightbox\" rel=\"26cc246b8408581ac658ade4c405f1e1\">\n\n            <img data-image-id='18'\n                 title=\"\"\n                 alt=\"Spatz2b\"\n                 src=\"https:\/\/atelier-lindner.de\/wp-content\/gallery\/freie-arbeiten\/Spatz2b.jpg\"\n                 style=\"max-height: 480px;\"\/>\n        <\/a>\n\n        <\/div> \n<div id=\"ngg-image-18\" class=\"ngg-gallery-slideshow-image\" style=\"height:500px\">\n\n        <a href=\"https:\/\/atelier-lindner.de\/wp-content\/gallery\/freie-arbeiten\/stieldickkopffliegeb.jpg\"\n           title=\"\"\n           data-src=\"https:\/\/atelier-lindner.de\/wp-content\/gallery\/freie-arbeiten\/stieldickkopffliegeb.jpg\"\n           data-thumbnail=\"https:\/\/atelier-lindner.de\/wp-content\/gallery\/freie-arbeiten\/thumbs\/thumbs_stieldickkopffliegeb.jpg\"\n           data-image-id=\"19\"\n           data-title=\"stieldickkopffliegeb\"\n           data-description=\"\"\n           class=\"ngg-simplelightbox\" rel=\"26cc246b8408581ac658ade4c405f1e1\">\n\n            <img data-image-id='19'\n                 title=\"\"\n                 alt=\"stieldickkopffliegeb\"\n                 src=\"https:\/\/atelier-lindner.de\/wp-content\/gallery\/freie-arbeiten\/stieldickkopffliegeb.jpg\"\n                 style=\"max-height: 480px;\"\/>\n        <\/a>\n\n        <\/div> \n<div id=\"ngg-image-19\" class=\"ngg-gallery-slideshow-image\" style=\"height:500px\">\n\n        <a href=\"https:\/\/atelier-lindner.de\/wp-content\/gallery\/freie-arbeiten\/studien-1.jpg\"\n           title=\"\"\n           data-src=\"https:\/\/atelier-lindner.de\/wp-content\/gallery\/freie-arbeiten\/studien-1.jpg\"\n           data-thumbnail=\"https:\/\/atelier-lindner.de\/wp-content\/gallery\/freie-arbeiten\/thumbs\/thumbs_studien-1.jpg\"\n           data-image-id=\"20\"\n           data-title=\"studien-1\"\n           data-description=\"\"\n           class=\"ngg-simplelightbox\" rel=\"26cc246b8408581ac658ade4c405f1e1\">\n\n            <img data-image-id='20'\n                 title=\"\"\n                 alt=\"studien-1\"\n                 src=\"https:\/\/atelier-lindner.de\/wp-content\/gallery\/freie-arbeiten\/studien-1.jpg\"\n                 style=\"max-height: 480px;\"\/>\n        <\/a>\n\n        <\/div> \n<div id=\"ngg-image-20\" class=\"ngg-gallery-slideshow-image\" style=\"height:500px\">\n\n        <a href=\"https:\/\/atelier-lindner.de\/wp-content\/gallery\/freie-arbeiten\/studien-2.jpg\"\n           title=\"\"\n           data-src=\"https:\/\/atelier-lindner.de\/wp-content\/gallery\/freie-arbeiten\/studien-2.jpg\"\n           data-thumbnail=\"https:\/\/atelier-lindner.de\/wp-content\/gallery\/freie-arbeiten\/thumbs\/thumbs_studien-2.jpg\"\n           data-image-id=\"21\"\n           data-title=\"studien-2\"\n           data-description=\"\"\n           class=\"ngg-simplelightbox\" rel=\"26cc246b8408581ac658ade4c405f1e1\">\n\n            <img data-image-id='21'\n                 title=\"\"\n                 alt=\"studien-2\"\n                 src=\"https:\/\/atelier-lindner.de\/wp-content\/gallery\/freie-arbeiten\/studien-2.jpg\"\n                 style=\"max-height: 480px;\"\/>\n        <\/a>\n\n        <\/div> \n<div id=\"ngg-image-21\" class=\"ngg-gallery-slideshow-image\" style=\"height:500px\">\n\n        <a href=\"https:\/\/atelier-lindner.de\/wp-content\/gallery\/freie-arbeiten\/walnuss.jpg\"\n           title=\"\"\n           data-src=\"https:\/\/atelier-lindner.de\/wp-content\/gallery\/freie-arbeiten\/walnuss.jpg\"\n           data-thumbnail=\"https:\/\/atelier-lindner.de\/wp-content\/gallery\/freie-arbeiten\/thumbs\/thumbs_walnuss.jpg\"\n           data-image-id=\"22\"\n           data-title=\"walnuss\"\n           data-description=\"\"\n           class=\"ngg-simplelightbox\" rel=\"26cc246b8408581ac658ade4c405f1e1\">\n\n            <img data-image-id='22'\n                 title=\"\"\n                 alt=\"walnuss\"\n                 src=\"https:\/\/atelier-lindner.de\/wp-content\/gallery\/freie-arbeiten\/walnuss.jpg\"\n                 style=\"max-height: 480px;\"\/>\n        <\/a>\n\n        <\/div> \n<div id=\"ngg-image-22\" class=\"ngg-gallery-slideshow-image\" style=\"height:500px\">\n\n        <a href=\"https:\/\/atelier-lindner.de\/wp-content\/gallery\/freie-arbeiten\/zaunk%C3%B6nig2.jpg\"\n           title=\"\"\n           data-src=\"https:\/\/atelier-lindner.de\/wp-content\/gallery\/freie-arbeiten\/zaunk%C3%B6nig2.jpg\"\n           data-thumbnail=\"https:\/\/atelier-lindner.de\/wp-content\/gallery\/freie-arbeiten\/thumbs\/thumbs_zaunk%C3%B6nig2.jpg\"\n           data-image-id=\"23\"\n           data-title=\"zaunk\u00f6nig2\"\n           data-description=\"\"\n           class=\"ngg-simplelightbox\" rel=\"26cc246b8408581ac658ade4c405f1e1\">\n\n            <img data-image-id='23'\n                 title=\"\"\n                 alt=\"zaunk\u00f6nig2\"\n                 src=\"https:\/\/atelier-lindner.de\/wp-content\/gallery\/freie-arbeiten\/zaunk%C3%B6nig2.jpg\"\n                 style=\"max-height: 480px;\"\/>\n        <\/a>\n\n        <\/div> \n<\/div>\n\n\n\n\n\n\n<p>Meine Motive finde ich im Kleinen, ein alter Ast, ein totes Blatt, ein alter Apfelbaum, das ist es, was mich interessiert, was mich motiviert und zum Arbeiten anregt.<\/p>\n\n\n<p> Am liebsten arbeite ich seit einigen Jahren mit Buntstiften, Kohle,  Kreide und Graphit. Da kann man in aller Ruhe die Zeit des Arbeitens  genie\u00dfen, kein Druck schnell weiter zu machen, man kann sich treiben  lassen. <\/p>\n\n\n\n<p>Fr\u00fcher geh\u00f6rten auch \u00d6l, Acryl und Aquarell zu meinen verwendeten Techniken.  <\/p>\n\n\n\n<p>Ich liebe es mit Skizzenb\u00fcchern zu arbeiten, drau\u00dfen, irgendwo im Taunus  im Geb\u00fcsch zu sitzen und zu arbeiten. \u00dcber zwanzig Skizzenb\u00fccher sind  immer im Gebrauch. Am besten gefallen mir die Skizzenb\u00fccher von Boesner,  tolles Papier, sch\u00f6ne Gr\u00f6\u00dfe, klasse Papierfarbe, ideal f\u00fcr Bleistift  und Tusche. <\/p>\n\n\n\n<p> F\u00fcr meine Bunstiftarbeiten benutze ich &#8222;Artistico  Fabriano &#8211; satin&#8220;,  ein erstklassiges Papier. <\/p>\n\n\n\n<p>Bei den Aquarellen nutze ich Papiere der Marke  &#8222;Arches&#8220; in diversen Ausf\u00fchrungen und &#8222;Schoellerhammers G4 dick&#8220;<\/p>\n\n\n\n<p>Mein absolutes Lieblingspapier f\u00fcr alle Bleistift- Kohle und Kreidearbeiten: Schleicher &amp; Schuell Skizzenblock &#8222;Selecta&#8220;.<\/p>\n\n\n\n<p>Meine Buntstifte: Faber Castel Polychromos, Prismacolor und Caran d&#8216; Ache  Pablo  <\/p>\n\n\n\n<p> Hier ein kleiner Einblick in meine freien Arbeiten der letzten Jahre.<\/p>\n","protected":false},"excerpt":{"rendered":"<p>Das einzige Thema meiner Arbeit ist die Natur. Ein kleines Insekt, eine gerade erst entdeckte Wildbiene in meinem Garten, eine verbl\u00fchte Wildblume, ein vertrockneter Samenstand, das inspiriert mich. Meine Motive finde ich im Kleinen, ein alter Ast, ein totes Blatt, ein alter Apfelbaum, das ist es, was mich interessiert, was mich motiviert und zum Arbeiten&#8230;<\/p>\n","protected":false},"author":1,"featured_media":0,"parent":0,"menu_order":0,"comment_status":"closed","ping_status":"closed","template":"","meta":{"ngg_post_thumbnail":0},"_links":{"self":[{"href":"https:\/\/atelier-lindner.de\/index.php?rest_route=\/wp\/v2\/pages\/197"}],"collection":[{"href":"https:\/\/atelier-lindner.de\/index.php?rest_route=\/wp\/v2\/pages"}],"about":[{"href":"https:\/\/atelier-lindner.de\/index.php?rest_route=\/wp\/v2\/types\/page"}],"author":[{"embeddable":true,"href":"https:\/\/atelier-lindner.de\/index.php?rest_route=\/wp\/v2\/users\/1"}],"replies":[{"embeddable":true,"href":"https:\/\/atelier-lindner.de\/index.php?rest_route=%2Fwp%2Fv2%2Fcomments&post=197"}],"version-history":[{"count":4,"href":"https:\/\/atelier-lindner.de\/index.php?rest_route=\/wp\/v2\/pages\/197\/revisions"}],"predecessor-version":[{"id":277,"href":"https:\/\/atelier-lindner.de\/index.php?rest_route=\/wp\/v2\/pages\/197\/revisions\/277"}],"wp:attachment":[{"href":"https:\/\/atelier-lindner.de\/index.php?rest_route=%2Fwp%2Fv2%2Fmedia&parent=197"}],"curies":[{"name":"wp","href":"https:\/\/api.w.org\/{rel}","templated":true}]}}